{"id":70,"date":"2026-04-14T08:35:48","date_gmt":"2026-04-14T08:35:48","guid":{"rendered":"https:\/\/ems-metering.de\/?post_type=product&#038;p=70"},"modified":"2026-04-20T09:39:57","modified_gmt":"2026-04-20T09:39:57","slug":"beispiel-produkt","status":"publish","type":"product","link":"https:\/\/ems-metering.de\/?product=beispiel-produkt","title":{"rendered":"Verschraubungen f\u00fcr Wohnungswasserz\u00e4hler"},"content":{"rendered":"<p data-start=\"135\" data-end=\"309\">Hochwertige Verschraubung f\u00fcr Wohnungswasserz\u00e4hler aus Silizium-Messing. Ideal f\u00fcr eine sichere, dichte und langlebige Installation in Wohngeb\u00e4uden.<\/p>\n<p data-start=\"311\" data-end=\"335\"><strong data-start=\"311\" data-end=\"333\">Technische Details<\/strong><\/p>\n<ul data-start=\"336\" data-end=\"480\">\n<li data-section-id=\"19ih57s\" data-start=\"336\" data-end=\"366\">Material: Silizium-Messing<\/li>\n<li data-section-id=\"kvll9f\" data-start=\"367\" data-end=\"407\">Einsatzbereich: Wohnungswasserz\u00e4hler<\/li>\n<li data-section-id=\"1yzu0ax\" data-start=\"408\" data-end=\"442\">Ausf\u00fchrung: mit \u00dcberwurfmutter<\/li>\n<li data-section-id=\"1yzu0ax\" data-start=\"408\" data-end=\"442\"><em><strong><a href=\"https:\/\/900610.jweiland-hosting.de\/wordpress\/wp-content\/uploads\/2022\/05\/verschraubungen-wz-siliz-messing.pdf\" target=\"_blank\" rel=\"noopener\">Produktdatenblatt<\/a><\/strong><\/em><\/li>\n<\/ul>\n<p>&nbsp;<\/p>\n","protected":false},"excerpt":{"rendered":"<p><strong>Verschraubungen f\u00fcr Wohnungswasserz\u00e4hler, mit \u00dcberwurfmutter, gefertigt in Silizium-Messingausf\u00fchrung<\/strong><\/p>\n","protected":false},"featured_media":354,"comment_status":"open","ping_status":"closed","template":"","meta":[],"product_brand":[],"product_cat":[36],"product_tag":[],"class_list":{"0":"post-70","1":"product","2":"type-product","3":"status-publish","4":"has-post-thumbnail","6":"product_cat-zubehoer","8":"first","9":"instock","10":"taxable","11":"shipping-taxable","12":"purchasable","13":"product-type-variable"},"jetpack_sharing_enabled":true,"_links":{"self":[{"href":"https:\/\/ems-metering.de\/index.php?rest_route=\/wp\/v2\/product\/70","targetHints":{"allow":["GET"]}}],"collection":[{"href":"https:\/\/ems-metering.de\/index.php?rest_route=\/wp\/v2\/product"}],"about":[{"href":"https:\/\/ems-metering.de\/index.php?rest_route=\/wp\/v2\/types\/product"}],"replies":[{"embeddable":true,"href":"https:\/\/ems-metering.de\/index.php?rest_route=%2Fwp%2Fv2%2Fcomments&post=70"}],"wp:featuredmedia":[{"embeddable":true,"href":"https:\/\/ems-metering.de\/index.php?rest_route=\/wp\/v2\/media\/354"}],"wp:attachment":[{"href":"https:\/\/ems-metering.de\/index.php?rest_route=%2Fwp%2Fv2%2Fmedia&parent=70"}],"wp:term":[{"taxonomy":"product_brand","embeddable":true,"href":"https:\/\/ems-metering.de\/index.php?rest_route=%2Fwp%2Fv2%2Fproduct_brand&post=70"},{"taxonomy":"product_cat","embeddable":true,"href":"https:\/\/ems-metering.de\/index.php?rest_route=%2Fwp%2Fv2%2Fproduct_cat&post=70"},{"taxonomy":"product_tag","embeddable":true,"href":"https:\/\/ems-metering.de\/index.php?rest_route=%2Fwp%2Fv2%2Fproduct_tag&post=70"}],"curies":[{"name":"wp","href":"https:\/\/api.w.org\/{rel}","templated":true}]}}